{"id":6576,"date":"2015-07-31T16:07:48","date_gmt":"2015-07-31T16:07:48","guid":{"rendered":"https:\/\/galerieleminotaure.net\/a-propos-de-la-galerie\/"},"modified":"2026-03-11T15:10:09","modified_gmt":"2026-03-11T15:10:09","slug":"la-galerie","status":"publish","type":"page","link":"https:\/\/galerieleminotaure.net\/fr\/la-galerie\/","title":{"rendered":"La Galerie"},"content":{"rendered":"<p style=\"font-weight: 400;\">La galerie Le Minotaure a \u00e9t\u00e9 cr\u00e9\u00e9e en 2002 par Beno\u00eet Sapiro. F\u00e9ru d\u2019histoire de l\u2019art, expert au sein de la compagnie Nationale des Experts, il s\u2019est sp\u00e9cialis\u00e9 dans les artistes de l\u2019Ecole de Paris, et dans les avant-gardes europ\u00e9ennes issues des r\u00e9volutions sociales du d\u00e9but du XXe si\u00e8cle. La galerie a \u00e9t\u00e9 initialement ouverte au 2 rue des Beaux-Arts \u00e0 Paris, dans l\u2019ancien espace de la c\u00e9l\u00e8bre librairie des Surr\u00e9alistes portant le m\u00eame nom.<\/p>\n<p style=\"font-weight: 400;\">Un deuxi\u00e8me espace a \u00e9t\u00e9 inaugur\u00e9 en 2023, au 23 rue de Seine.<\/p>\n<p style=\"font-weight: 400;\">L\u2019expertise de la galerie dans ses domaines de pr\u00e9dilection, ses expositions monographiques, la qualit\u00e9 de ses publications, ses participations aux meilleures foires d\u2019art, lui ont permis, progressivement, de devenir un interlocuteur recherch\u00e9 des grands collectionneurs, des mus\u00e9es fran\u00e7ais et \u00e9trangers.<\/p>\n","protected":false},"excerpt":{"rendered":"<p>La galerie Le Minotaure a \u00e9t\u00e9 cr\u00e9\u00e9e en 2002 par Beno\u00eet Sapiro. F\u00e9ru d\u2019histoire de l\u2019art, expert au sein de la compagnie Nationale des Experts, il s\u2019est sp\u00e9cialis\u00e9 dans les artistes de l\u2019Ecole de Paris, et dans les avant-gardes europ\u00e9ennes issues des r\u00e9volutions sociales du d\u00e9but du XXe si\u00e8cle. La galerie a \u00e9t\u00e9 initialement ouverte&#8230;<\/p>\n","protected":false},"author":4,"featured_media":7975,"parent":0,"menu_order":0,"comment_status":"closed","ping_status":"closed","template":"","meta":{"_acf_changed":false,"footnotes":""},"class_list":["post-6576","page","type-page","status-publish","has-post-thumbnail","hentry"],"acf":[],"aioseo_notices":[],"_links":{"self":[{"href":"https:\/\/galerieleminotaure.net\/fr\/wp-json\/wp\/v2\/pages\/6576","targetHints":{"allow":["GET"]}}],"collection":[{"href":"https:\/\/galerieleminotaure.net\/fr\/wp-json\/wp\/v2\/pages"}],"about":[{"href":"https:\/\/galerieleminotaure.net\/fr\/wp-json\/wp\/v2\/types\/page"}],"author":[{"embeddable":true,"href":"https:\/\/galerieleminotaure.net\/fr\/wp-json\/wp\/v2\/users\/4"}],"replies":[{"embeddable":true,"href":"https:\/\/galerieleminotaure.net\/fr\/wp-json\/wp\/v2\/comments?post=6576"}],"version-history":[{"count":6,"href":"https:\/\/galerieleminotaure.net\/fr\/wp-json\/wp\/v2\/pages\/6576\/revisions"}],"predecessor-version":[{"id":8515,"href":"https:\/\/galerieleminotaure.net\/fr\/wp-json\/wp\/v2\/pages\/6576\/revisions\/8515"}],"wp:featuredmedia":[{"embeddable":true,"href":"https:\/\/galerieleminotaure.net\/fr\/wp-json\/wp\/v2\/media\/7975"}],"wp:attachment":[{"href":"https:\/\/galerieleminotaure.net\/fr\/wp-json\/wp\/v2\/media?parent=6576"}],"curies":[{"name":"wp","href":"https:\/\/api.w.org\/{rel}","templated":true}]}}